{"id":261,"date":"2016-02-22T16:03:54","date_gmt":"2016-02-22T15:03:54","guid":{"rendered":"http:\/\/lesideesalapelle.com\/?page_id=261"},"modified":"2022-05-16T12:54:32","modified_gmt":"2022-05-16T11:54:32","slug":"info-pratique","status":"publish","type":"page","link":"https:\/\/www.lesideesalapelle.com\/index.php\/info-pratique\/","title":{"rendered":"Infos pratiques"},"content":{"rendered":"<p>Vous pouvez nous rendre visite du <b>Lundi au samedi de 9h \u00e0 20h<\/b>. Nous sommes situ\u00e9s avenue Louis Bertrand 25 \u00e0 Schaerbeek \/ Bruxelles.<\/p>\n<p class=\"error\">Basic Google Maps Placemarks erreur\u00a0: les fichiers JavaScript et\/ou CSS n\u2019ont pas pu \u00eatre charg\u00e9s. SI vous utilisez la fonction do_shortcode(), vous devez d\u2019abord ajouter un filtre \u00e0 votre th\u00e8me. Voir <a href=\"http:\/\/wordpress.org\/extend\/plugins\/basic-google-maps-placemarks\/faq\/\">la FAQ<\/a> pour plus de d\u00e9tails.<\/p>\n\n\n<p>Le magasin est tenu par la soci\u00e9t\u00e9 Les Id\u00e9es \u00e0 la pelle SRL  avec le num\u00e9ro de TVA Belge BE 0781335691 <\/p>\n","protected":false},"excerpt":{"rendered":"<p>Vous pouvez nous rendre visite du Lundi au samedi de 9h \u00e0 20h. Nous sommes situ\u00e9s avenue Louis Bertrand 25 \u00e0 Schaerbeek \/ Bruxelles. Le magasin est tenu par la soci\u00e9t\u00e9 Les Id\u00e9es \u00e0 la pelle SRL avec le num\u00e9ro de TVA Belge BE 0781335691<\/p>\n","protected":false},"author":1,"featured_media":0,"parent":0,"menu_order":0,"comment_status":"closed","ping_status":"closed","template":"","meta":{"jetpack_post_was_ever_published":false},"yoast_head":"<!-- This site is optimized with the Yoast SEO plugin v19.7.2 - https:\/\/yoast.com\/wordpress\/plugins\/seo\/ -->\n<title>Infos pratiques - Les id\u00e9es \u00e0 la pelle magasin bio<\/title>\n<meta name=\"description\" content=\"Vous pouvez nous rendre visite du Lundi au samedi de 9h \u00e0 20h. Nous sommes situ\u00e9s avenue Louis Bertrand 25 \u00e0 Schaerbeek \/ Bruxelles. Le magasin est tenu\" \/>\n<meta name=\"robots\" content=\"index, follow, max-snippet:-1, max-image-preview:large, max-video-preview:-1\" \/>\n<link rel=\"canonical\" href=\"https:\/\/www.lesideesalapelle.com\/index.php\/info-pratique\/\" \/>\n<meta property=\"og:locale\" content=\"fr_FR\" \/>\n<meta property=\"og:type\" content=\"article\" \/>\n<meta property=\"og:title\" content=\"Infos pratiques - Les id\u00e9es \u00e0 la pelle magasin bio\" \/>\n<meta property=\"og:description\" content=\"Vous pouvez nous rendre visite du Lundi au samedi de 9h \u00e0 20h. Nous sommes situ\u00e9s avenue Louis Bertrand 25 \u00e0 Schaerbeek \/ Bruxelles. Le magasin est tenu\" \/>\n<meta property=\"og:url\" content=\"https:\/\/www.lesideesalapelle.com\/index.php\/info-pratique\/\" \/>\n<meta property=\"og:site_name\" content=\"Les id\u00e9es \u00e0 la pelle magasin bio\" \/>\n<meta property=\"article:publisher\" content=\"https:\/\/www.facebook.com\/Les-id%c3%a9es-%c3%a0-la-pelle-563968743744472\/\" \/>\n<meta property=\"article:modified_time\" content=\"2022-05-16T11:54:32+00:00\" \/>\n<meta name=\"twitter:label1\" content=\"Dur\u00e9e de lecture estim\u00e9e\" \/>\n\t<meta name=\"twitter:data1\" content=\"1 minute\" \/>\n<script type=\"application\/ld+json\" class=\"yoast-schema-graph\">{\"@context\":\"https:\/\/schema.org\",\"@graph\":[{\"@type\":\"WebPage\",\"@id\":\"https:\/\/www.lesideesalapelle.com\/index.php\/info-pratique\/\",\"url\":\"https:\/\/www.lesideesalapelle.com\/index.php\/info-pratique\/\",\"name\":\"Infos pratiques - Les id\u00e9es \u00e0 la pelle magasin bio\",\"isPartOf\":{\"@id\":\"https:\/\/www.lesideesalapelle.com\/#website\"},\"datePublished\":\"2016-02-22T15:03:54+00:00\",\"dateModified\":\"2022-05-16T11:54:32+00:00\",\"description\":\"Vous pouvez nous rendre visite du Lundi au samedi de 9h \u00e0 20h. Nous sommes situ\u00e9s avenue Louis Bertrand 25 \u00e0 Schaerbeek \/ Bruxelles. Le magasin est tenu\",\"breadcrumb\":{\"@id\":\"https:\/\/www.lesideesalapelle.com\/index.php\/info-pratique\/#breadcrumb\"},\"inLanguage\":\"fr-FR\",\"potentialAction\":[{\"@type\":\"ReadAction\",\"target\":[\"https:\/\/www.lesideesalapelle.com\/index.php\/info-pratique\/\"]}]},{\"@type\":\"BreadcrumbList\",\"@id\":\"https:\/\/www.lesideesalapelle.com\/index.php\/info-pratique\/#breadcrumb\",\"itemListElement\":[{\"@type\":\"ListItem\",\"position\":1,\"name\":\"Accueil\",\"item\":\"https:\/\/www.lesideesalapelle.com\/\"},{\"@type\":\"ListItem\",\"position\":2,\"name\":\"Infos pratiques\"}]},{\"@type\":\"WebSite\",\"@id\":\"https:\/\/www.lesideesalapelle.com\/#website\",\"url\":\"https:\/\/www.lesideesalapelle.com\/\",\"name\":\"Les id\u00e9es \u00e0 la pelle magasin bio\",\"description\":\"Magasin Bio \u00e0 Schaerbeek\",\"potentialAction\":[{\"@type\":\"SearchAction\",\"target\":{\"@type\":\"EntryPoint\",\"urlTemplate\":\"https:\/\/www.lesideesalapelle.com\/?s={search_term_string}\"},\"query-input\":\"required name=search_term_string\"}],\"inLanguage\":\"fr-FR\"}]}<\/script>\n<!-- \/ Yoast SEO plugin. -->","yoast_head_json":{"title":"Infos pratiques - Les id\u00e9es \u00e0 la pelle magasin bio","description":"Vous pouvez nous rendre visite du Lundi au samedi de 9h \u00e0 20h. Nous sommes situ\u00e9s avenue Louis Bertrand 25 \u00e0 Schaerbeek \/ Bruxelles. Le magasin est tenu","robots":{"index":"index","follow":"follow","max-snippet":"max-snippet:-1","max-image-preview":"max-image-preview:large","max-video-preview":"max-video-preview:-1"},"canonical":"https:\/\/www.lesideesalapelle.com\/index.php\/info-pratique\/","og_locale":"fr_FR","og_type":"article","og_title":"Infos pratiques - Les id\u00e9es \u00e0 la pelle magasin bio","og_description":"Vous pouvez nous rendre visite du Lundi au samedi de 9h \u00e0 20h. Nous sommes situ\u00e9s avenue Louis Bertrand 25 \u00e0 Schaerbeek \/ Bruxelles. Le magasin est tenu","og_url":"https:\/\/www.lesideesalapelle.com\/index.php\/info-pratique\/","og_site_name":"Les id\u00e9es \u00e0 la pelle magasin bio","article_publisher":"https:\/\/www.facebook.com\/Les-id%c3%a9es-%c3%a0-la-pelle-563968743744472\/","article_modified_time":"2022-05-16T11:54:32+00:00","twitter_misc":{"Dur\u00e9e de lecture estim\u00e9e":"1 minute"},"schema":{"@context":"https:\/\/schema.org","@graph":[{"@type":"WebPage","@id":"https:\/\/www.lesideesalapelle.com\/index.php\/info-pratique\/","url":"https:\/\/www.lesideesalapelle.com\/index.php\/info-pratique\/","name":"Infos pratiques - Les id\u00e9es \u00e0 la pelle magasin bio","isPartOf":{"@id":"https:\/\/www.lesideesalapelle.com\/#website"},"datePublished":"2016-02-22T15:03:54+00:00","dateModified":"2022-05-16T11:54:32+00:00","description":"Vous pouvez nous rendre visite du Lundi au samedi de 9h \u00e0 20h. Nous sommes situ\u00e9s avenue Louis Bertrand 25 \u00e0 Schaerbeek \/ Bruxelles. Le magasin est tenu","breadcrumb":{"@id":"https:\/\/www.lesideesalapelle.com\/index.php\/info-pratique\/#breadcrumb"},"inLanguage":"fr-FR","potentialAction":[{"@type":"ReadAction","target":["https:\/\/www.lesideesalapelle.com\/index.php\/info-pratique\/"]}]},{"@type":"BreadcrumbList","@id":"https:\/\/www.lesideesalapelle.com\/index.php\/info-pratique\/#breadcrumb","itemListElement":[{"@type":"ListItem","position":1,"name":"Accueil","item":"https:\/\/www.lesideesalapelle.com\/"},{"@type":"ListItem","position":2,"name":"Infos pratiques"}]},{"@type":"WebSite","@id":"https:\/\/www.lesideesalapelle.com\/#website","url":"https:\/\/www.lesideesalapelle.com\/","name":"Les id\u00e9es \u00e0 la pelle magasin bio","description":"Magasin Bio \u00e0 Schaerbeek","potentialAction":[{"@type":"SearchAction","target":{"@type":"EntryPoint","urlTemplate":"https:\/\/www.lesideesalapelle.com\/?s={search_term_string}"},"query-input":"required name=search_term_string"}],"inLanguage":"fr-FR"}]}},"jetpack_sharing_enabled":true,"jetpack_shortlink":"https:\/\/wp.me\/P7hjX5-4d","_links":{"self":[{"href":"https:\/\/www.lesideesalapelle.com\/index.php\/wp-json\/wp\/v2\/pages\/261"}],"collection":[{"href":"https:\/\/www.lesideesalapelle.com\/index.php\/wp-json\/wp\/v2\/pages"}],"about":[{"href":"https:\/\/www.lesideesalapelle.com\/index.php\/wp-json\/wp\/v2\/types\/page"}],"author":[{"embeddable":true,"href":"https:\/\/www.lesideesalapelle.com\/index.php\/wp-json\/wp\/v2\/users\/1"}],"replies":[{"embeddable":true,"href":"https:\/\/www.lesideesalapelle.com\/index.php\/wp-json\/wp\/v2\/comments?post=261"}],"version-history":[{"count":9,"href":"https:\/\/www.lesideesalapelle.com\/index.php\/wp-json\/wp\/v2\/pages\/261\/revisions"}],"predecessor-version":[{"id":3743,"href":"https:\/\/www.lesideesalapelle.com\/index.php\/wp-json\/wp\/v2\/pages\/261\/revisions\/3743"}],"wp:attachment":[{"href":"https:\/\/www.lesideesalapelle.com\/index.php\/wp-json\/wp\/v2\/media?parent=261"}],"curies":[{"name":"wp","href":"https:\/\/api.w.org\/{rel}","templated":true}]}}