{"id":1366,"date":"2020-03-20T19:36:12","date_gmt":"2020-03-20T18:36:12","guid":{"rendered":"https:\/\/www.lesideesalapelle.com\/index.php\/page-daccueil\/"},"modified":"2020-03-20T19:36:15","modified_gmt":"2020-03-20T18:36:15","slug":"page-daccueil","status":"publish","type":"page","link":"https:\/\/www.lesideesalapelle.com\/index.php\/page-daccueil\/","title":{"rendered":"Page d&rsquo;accueil"},"content":{"rendered":"\n\t\t\t<div class=\"wp-block-cover\" style=\"background-image:url(https:\/\/www.lesideesalapelle.com\/wp-content\/uploads\/2020\/03\/other-small.jpg)\"><div class=\"wp-block-cover__inner-container\">\n\t\t\t<p class=\"has-text-align-center has-large-font-size\">Bienvenue dans la boutique<\/p>\n\t\t\t\n\n\t\t\t\n\t\t\t<p class=\"has-text-color has-text-align-center\">R\u00e9diger un bref message de bienvenue ici<\/p>\n\t\t\t\n\n\t\t\t\n\t\t\t<div class=\"wp-block-button aligncenter\"><a class=\"wp-block-button__link\">Faire des achats<\/a><\/div>\n\t\t\t<\/div><\/div>\n\t\t\t\n\t\t\t\t\n\t\t\t\t<h2 style=\"text-align:center\">Achat par cat\u00e9gorie<\/h2>\n\t\t\t\t\n\t\t\t\t<p>\t\t\t\t[product_categories limit=\u00a0\u00bb3&Prime; columns=\u00a0\u00bb3&Prime; orderby=\u00a0\u00bbmenu_order\u00a0\u00bb]<\/p>\n\n\t\t\t\t\n\t\t\t\t<h2 style=\"text-align:center\">Nouveaut\u00e9s<\/h2>\n\t\t\t\t\n\t\t\t\t\n\t\t\t\t<div class=\"wp-block-woocommerce-product-new\">[products limit=\u00a0\u00bb4&Prime; columns=\u00a0\u00bb4&Prime; orderby=\u00a0\u00bbdate\u00a0\u00bb order=\u00a0\u00bbDESC\u00a0\u00bb]<\/div>\n\t\t\t\t\n\t\t\t\t\n\t\t\t\t<h2 style=\"text-align:center\">Produits pr\u00e9f\u00e9r\u00e9s de vos clients<\/h2>\n\t\t\t\t\n\t\t\t\t\n\t\t\t\t<div class=\"wp-block-woocommerce-product-top-rated\">[products limit=\u00a0\u00bb4&Prime; columns=\u00a0\u00bb4&Prime; orderby=\u00a0\u00bbrating\u00a0\u00bb]<\/div>\n\t\t\t\t\n\t\t\t\t\n\t\t\t\t<h2 style=\"text-align:center\">En vente<\/h2>\n\t\t\t\t\n\t\t\t\t\n\t\t\t\t<div class=\"wp-block-woocommerce-product-on-sale\">[products limit=\u00a0\u00bb4&Prime; columns=\u00a0\u00bb4&Prime; orderby=\u00a0\u00bbdate\u00a0\u00bb order=\u00a0\u00bbDESC\u00a0\u00bb on_sale=\u00a0\u00bb1&Prime;]<\/div>\n\t\t\t\t\n\t\t\t\t\n\t\t\t\t<h2 style=\"text-align:center\">Meilleurs produits<\/h2>\n\t\t\t\t\n\t\t\t\t\n\t\t\t\t<div class=\"wp-block-woocommerce-product-best-sellers\">[products limit=\u00a0\u00bb4&Prime; columns=\u00a0\u00bb4&Prime; best_selling=\u00a0\u00bb1&Prime;]<\/div>\n\t\t\t\t\n\t\t\t","protected":false},"excerpt":{"rendered":"<p>Achat par cat\u00e9gorie Nouveaut\u00e9s Produits pr\u00e9f\u00e9r\u00e9s de vos clients En vente Meilleurs produits<\/p>\n","protected":false},"author":1,"featured_media":0,"parent":0,"menu_order":0,"comment_status":"closed","ping_status":"closed","template":"","meta":{"jetpack_post_was_ever_published":false},"yoast_head":"<!-- This site is optimized with the Yoast SEO plugin v19.7.2 - https:\/\/yoast.com\/wordpress\/plugins\/seo\/ -->\n<title>Page d&#039;accueil - Les id\u00e9es \u00e0 la pelle magasin bio<\/title>\n<meta name=\"description\" content=\"Bienvenue dans la boutique R\u00e9diger un bref message de bienvenue ici Faire des achats Achat par cat\u00e9gorie Nouveaut\u00e9s Produits pr\u00e9f\u00e9r\u00e9s de vos clients En\" \/>\n<meta name=\"robots\" content=\"index, follow, max-snippet:-1, max-image-preview:large, max-video-preview:-1\" \/>\n<link rel=\"canonical\" href=\"https:\/\/www.lesideesalapelle.com\/index.php\/page-daccueil\/\" \/>\n<meta property=\"og:locale\" content=\"fr_FR\" \/>\n<meta property=\"og:type\" content=\"article\" \/>\n<meta property=\"og:title\" content=\"Page d&#039;accueil - Les id\u00e9es \u00e0 la pelle magasin bio\" \/>\n<meta property=\"og:description\" content=\"Bienvenue dans la boutique R\u00e9diger un bref message de bienvenue ici Faire des achats Achat par cat\u00e9gorie Nouveaut\u00e9s Produits pr\u00e9f\u00e9r\u00e9s de vos clients En\" \/>\n<meta property=\"og:url\" content=\"https:\/\/www.lesideesalapelle.com\/index.php\/page-daccueil\/\" \/>\n<meta property=\"og:site_name\" content=\"Les id\u00e9es \u00e0 la pelle magasin bio\" \/>\n<meta property=\"article:publisher\" content=\"https:\/\/www.facebook.com\/Les-id%c3%a9es-%c3%a0-la-pelle-563968743744472\/\" \/>\n<meta property=\"article:modified_time\" content=\"2020-03-20T18:36:15+00:00\" \/>\n<script type=\"application\/ld+json\" class=\"yoast-schema-graph\">{\"@context\":\"https:\/\/schema.org\",\"@graph\":[{\"@type\":\"WebPage\",\"@id\":\"https:\/\/www.lesideesalapelle.com\/index.php\/page-daccueil\/\",\"url\":\"https:\/\/www.lesideesalapelle.com\/index.php\/page-daccueil\/\",\"name\":\"Page d'accueil - Les id\u00e9es \u00e0 la pelle magasin bio\",\"isPartOf\":{\"@id\":\"https:\/\/www.lesideesalapelle.com\/#website\"},\"datePublished\":\"2020-03-20T18:36:12+00:00\",\"dateModified\":\"2020-03-20T18:36:15+00:00\",\"description\":\"Bienvenue dans la boutique R\u00e9diger un bref message de bienvenue ici Faire des achats Achat par cat\u00e9gorie Nouveaut\u00e9s Produits pr\u00e9f\u00e9r\u00e9s de vos clients En\",\"breadcrumb\":{\"@id\":\"https:\/\/www.lesideesalapelle.com\/index.php\/page-daccueil\/#breadcrumb\"},\"inLanguage\":\"fr-FR\",\"potentialAction\":[{\"@type\":\"ReadAction\",\"target\":[\"https:\/\/www.lesideesalapelle.com\/index.php\/page-daccueil\/\"]}]},{\"@type\":\"BreadcrumbList\",\"@id\":\"https:\/\/www.lesideesalapelle.com\/index.php\/page-daccueil\/#breadcrumb\",\"itemListElement\":[{\"@type\":\"ListItem\",\"position\":1,\"name\":\"Accueil\",\"item\":\"https:\/\/www.lesideesalapelle.com\/\"},{\"@type\":\"ListItem\",\"position\":2,\"name\":\"Page d&rsquo;accueil\"}]},{\"@type\":\"WebSite\",\"@id\":\"https:\/\/www.lesideesalapelle.com\/#website\",\"url\":\"https:\/\/www.lesideesalapelle.com\/\",\"name\":\"Les id\u00e9es \u00e0 la pelle magasin bio\",\"description\":\"Magasin Bio \u00e0 Schaerbeek\",\"potentialAction\":[{\"@type\":\"SearchAction\",\"target\":{\"@type\":\"EntryPoint\",\"urlTemplate\":\"https:\/\/www.lesideesalapelle.com\/?s={search_term_string}\"},\"query-input\":\"required name=search_term_string\"}],\"inLanguage\":\"fr-FR\"}]}<\/script>\n<!-- \/ Yoast SEO plugin. -->","yoast_head_json":{"title":"Page d'accueil - Les id\u00e9es \u00e0 la pelle magasin bio","description":"Bienvenue dans la boutique R\u00e9diger un bref message de bienvenue ici Faire des achats Achat par cat\u00e9gorie Nouveaut\u00e9s Produits pr\u00e9f\u00e9r\u00e9s de vos clients En","robots":{"index":"index","follow":"follow","max-snippet":"max-snippet:-1","max-image-preview":"max-image-preview:large","max-video-preview":"max-video-preview:-1"},"canonical":"https:\/\/www.lesideesalapelle.com\/index.php\/page-daccueil\/","og_locale":"fr_FR","og_type":"article","og_title":"Page d'accueil - Les id\u00e9es \u00e0 la pelle magasin bio","og_description":"Bienvenue dans la boutique R\u00e9diger un bref message de bienvenue ici Faire des achats Achat par cat\u00e9gorie Nouveaut\u00e9s Produits pr\u00e9f\u00e9r\u00e9s de vos clients En","og_url":"https:\/\/www.lesideesalapelle.com\/index.php\/page-daccueil\/","og_site_name":"Les id\u00e9es \u00e0 la pelle magasin bio","article_publisher":"https:\/\/www.facebook.com\/Les-id%c3%a9es-%c3%a0-la-pelle-563968743744472\/","article_modified_time":"2020-03-20T18:36:15+00:00","schema":{"@context":"https:\/\/schema.org","@graph":[{"@type":"WebPage","@id":"https:\/\/www.lesideesalapelle.com\/index.php\/page-daccueil\/","url":"https:\/\/www.lesideesalapelle.com\/index.php\/page-daccueil\/","name":"Page d'accueil - Les id\u00e9es \u00e0 la pelle magasin bio","isPartOf":{"@id":"https:\/\/www.lesideesalapelle.com\/#website"},"datePublished":"2020-03-20T18:36:12+00:00","dateModified":"2020-03-20T18:36:15+00:00","description":"Bienvenue dans la boutique R\u00e9diger un bref message de bienvenue ici Faire des achats Achat par cat\u00e9gorie Nouveaut\u00e9s Produits pr\u00e9f\u00e9r\u00e9s de vos clients En","breadcrumb":{"@id":"https:\/\/www.lesideesalapelle.com\/index.php\/page-daccueil\/#breadcrumb"},"inLanguage":"fr-FR","potentialAction":[{"@type":"ReadAction","target":["https:\/\/www.lesideesalapelle.com\/index.php\/page-daccueil\/"]}]},{"@type":"BreadcrumbList","@id":"https:\/\/www.lesideesalapelle.com\/index.php\/page-daccueil\/#breadcrumb","itemListElement":[{"@type":"ListItem","position":1,"name":"Accueil","item":"https:\/\/www.lesideesalapelle.com\/"},{"@type":"ListItem","position":2,"name":"Page d&rsquo;accueil"}]},{"@type":"WebSite","@id":"https:\/\/www.lesideesalapelle.com\/#website","url":"https:\/\/www.lesideesalapelle.com\/","name":"Les id\u00e9es \u00e0 la pelle magasin bio","description":"Magasin Bio \u00e0 Schaerbeek","potentialAction":[{"@type":"SearchAction","target":{"@type":"EntryPoint","urlTemplate":"https:\/\/www.lesideesalapelle.com\/?s={search_term_string}"},"query-input":"required name=search_term_string"}],"inLanguage":"fr-FR"}]}},"jetpack_sharing_enabled":true,"jetpack_shortlink":"https:\/\/wp.me\/P7hjX5-m2","_links":{"self":[{"href":"https:\/\/www.lesideesalapelle.com\/index.php\/wp-json\/wp\/v2\/pages\/1366"}],"collection":[{"href":"https:\/\/www.lesideesalapelle.com\/index.php\/wp-json\/wp\/v2\/pages"}],"about":[{"href":"https:\/\/www.lesideesalapelle.com\/index.php\/wp-json\/wp\/v2\/types\/page"}],"author":[{"embeddable":true,"href":"https:\/\/www.lesideesalapelle.com\/index.php\/wp-json\/wp\/v2\/users\/1"}],"replies":[{"embeddable":true,"href":"https:\/\/www.lesideesalapelle.com\/index.php\/wp-json\/wp\/v2\/comments?post=1366"}],"version-history":[{"count":1,"href":"https:\/\/www.lesideesalapelle.com\/index.php\/wp-json\/wp\/v2\/pages\/1366\/revisions"}],"predecessor-version":[{"id":1368,"href":"https:\/\/www.lesideesalapelle.com\/index.php\/wp-json\/wp\/v2\/pages\/1366\/revisions\/1368"}],"wp:attachment":[{"href":"https:\/\/www.lesideesalapelle.com\/index.php\/wp-json\/wp\/v2\/media?parent=1366"}],"curies":[{"name":"wp","href":"https:\/\/api.w.org\/{rel}","templated":true}]}}